{"id":10,"date":"2026-04-28T09:58:45","date_gmt":"2026-04-28T09:58:45","guid":{"rendered":"https:\/\/piloto.qimob.pt\/?page_id=10"},"modified":"2026-04-28T11:51:46","modified_gmt":"2026-04-28T11:51:46","slug":"elementor-10","status":"publish","type":"page","link":"https:\/\/piloto.qimob.pt\/","title":{"rendered":"Bem vindo!"},"content":{"rendered":"\t\t<div data-elementor-type=\"wp-post\" data-elementor-id=\"10\" class=\"elementor elementor-10\" data-elementor-post-type=\"page\">\n\t\t\t\t<div class=\"elementor-element elementor-element-591f8eb e-flex e-con-boxed e-con e-parent\" data-id=\"591f8eb\" data-element_type=\"container\" data-e-type=\"container\" data-settings=\"{&quot;background_background&quot;:&quot;classic&quot;}\">\n\t\t\t\t\t<div class=\"e-con-inner\">\n\t\t<div class=\"elementor-element elementor-element-11b8421 e-con-full e-grid e-con e-child\" data-id=\"11b8421\" data-element_type=\"container\" data-e-type=\"container\">\n\t\t\t\t\t\t\t<h2 \n\t\tdata-interaction-id=\"93c4a9e\" \n\t\tclass=\"e-93c4a9e-9fa4c4b e-heading-base\" \n\t\t \n\t\tdata-e-type=\"widget\" data-id=\"93c4a9e\"\n\t>\n\t\n\t\t\tBem Vindo ao Qimob!\n\t\t<\/h2>\n\t\t\t\t<\/div>\n\t\t\t\t\t<\/div>\n\t\t\t\t<\/div>\n\t\t<div class=\"elementor-element elementor-element-9de880d e-grid e-con-boxed e-con e-parent\" data-id=\"9de880d\" data-element_type=\"container\" data-e-type=\"container\" id=\"inscricao\" data-settings=\"{&quot;background_background&quot;:&quot;classic&quot;}\">\n\t\t\t\t\t<div class=\"e-con-inner\">\n\t\t<div class=\"elementor-element elementor-element-000e360 e-con-full e-flex e-con e-child\" data-id=\"000e360\" data-element_type=\"container\" data-e-type=\"container\">\n\t\t<div class=\"elementor-element elementor-element-6702cff e-con-full e-flex e-con e-child\" data-id=\"6702cff\" data-element_type=\"container\" data-e-type=\"container\">\n\t\t\t\t\t\t\t<h4 \n\t\tdata-interaction-id=\"069ccb6\" \n\t\tclass=\"e-heading-base\" \n\t\t \n\t\tdata-e-type=\"widget\" data-id=\"069ccb6\"\n\t>\n\t\n\t\t\tEsta interessado?<br>Inscreva-se j\u00e1!\n\t\t<\/h4>\n\t\t\t\t\t\t\t\t<p class=\"e-3bdd46c-10ff127 e-paragraph-base\" data-interaction-id=\"3bdd46c\"  data-e-type=\"widget\" data-id=\"3bdd46c\">\n\t\t\t\t\t\t\t\tSeja partes dos muitos que j\u00e1 usam o qimob para potencializar o seu negocio\n\t\t\t\t\t<\/p>\n\t\t\t\t<\/div>\n\t\t\t\t<\/div>\n\t\t<form class=\"e-con e-atomic-element e-form-base form-state-default e-2a91bca-009314c \"\n      data-id=\"2a91bca\"\n      data-element_type=\"e-form\"\n      data-e-type=\"e-form\"\n      data-interaction-id=\"2a91bca\"\n      data-interactions=\"null\"\n      x-data=\"eForm2a91bca\"\n      x-on:submit=\"submit\"      aria-label=\"Formul&#x00E1;rio\"\n      data-form-name=\"Formul&#x00E1;rio\"\n      >\n    \t\t\t<label \n\t\n\tclass=\"e-form-label-base\"\n\tfor=e-form-first-name\n\tdata-interaction-id=\"1a726a1\"\n\tdata-e-type=\"widget\" data-id=\"1a726a1\"\n\t\n>Nome<\/label>\n\t\t\t\t\t<input \n\tid=e-form-first-name\n\tname=e-form-first-name\n\tclass=\"e-form-input-base\"\n\ttype=\"text\"\n\tdata-interaction-id=\"c58f2fc\"\n\tdata-e-type=\"widget\" data-id=\"c58f2fc\" \n\t\n\tplaceholder=Primeiro&#x20;Nome\n\t\n\t\n\/>\n\t\t\t\t\t<label \n\t\n\tclass=\"e-form-label-base\"\n\tfor=e-form-last-name\n\tdata-interaction-id=\"1af266d\"\n\tdata-e-type=\"widget\" data-id=\"1af266d\"\n\t\n>Apelido<\/label>\n\t\t\t\t\t<input \n\tid=e-form-last-name\n\tname=e-form-last-name\n\tclass=\"e-form-input-base\"\n\ttype=\"text\"\n\tdata-interaction-id=\"800c029\"\n\tdata-e-type=\"widget\" data-id=\"800c029\" \n\t\n\tplaceholder=Apelido\n\t\n\t\n\/>\n\t\t\t\t\t<label \n\t\n\tclass=\"e-form-label-base\"\n\tfor=e-form-email\n\tdata-interaction-id=\"9f471d8\"\n\tdata-e-type=\"widget\" data-id=\"9f471d8\"\n\t\n>Email<\/label>\n\t\t\t\t\t<textarea\t\n\tid=e-form-message\n\tname=e-form-message\n\tclass=\"e-form-textarea-base\"\n\tdata-interaction-id=\"e6b16ff\"\n\tdata-e-type=\"widget\" data-id=\"e6b16ff\"\n\t\n\tplaceholder=exemplo&#x40;email.com\n\t\n\t\n\trows=4\n\t\n\t\n\tdata-resizable\n><\/textarea>\n\t\t\t\t<div class=\"elementor-element elementor-element-344ae37 e-con e-atomic-element e-flexbox-base e-form-checkbox-row\" data-id=\"344ae37\" data-element_type=\"e-flexbox\" data-e-type=\"e-flexbox\" data-interaction-id=\"344ae37\" data-e-type=\"e-flexbox\" data-id=\"344ae37\">\n\t\t\t\t\t<input \n\t\n\tname=checkbox_e8adbd7\n\t\n\tclass=\"\"\n\ttype=\"checkbox\"\n\tdata-interaction-id=\"e8adbd7\"\n\tdata-e-type=\"widget\" data-id=\"e8adbd7\" \n\t\n\t\n\t\n\t\n\/>\n\t\t\t\t\t<label \n\t\n\tclass=\"e-form-label-base\"\n\tfor=e-form-checkbox\n\tdata-interaction-id=\"1608ca8\"\n\tdata-e-type=\"widget\" data-id=\"1608ca8\"\n\t\n>Desejo ser notificado por promo\u00e7\u00f5es via email<\/label>\n\t\t\t\t<\/div>\n\t\t\t\t\t<button \n\t\n\tclass=\"e-5ceb52b-981ca35 e-form-submit-button-base\"\n\ttype=\"submit\"\n\tdata-interaction-id=\"5ceb52b\"\n\tdata-e-type=\"widget\" data-id=\"5ceb52b\"\n\t\n>Submeter<\/button>\n\t\t<div class=\"e-con e-atomic-element e-form-success-message-base message-success \"\n     data-id=\"3691a01\"\n     data-element_type=\"e-form-success-message\"\n     data-e-type=\"e-form-success-message\"\n     data-interaction-id=\"3691a01\"\n     >\n    \t\t\t\t\t\t<p class=\"e-paragraph-base\" data-interaction-id=\"cb48a62\"  data-e-type=\"widget\" data-id=\"cb48a62\">\n\t\t\t\t\t\t\t\tGreat! We\u2019ve received your information.\n\t\t\t\t\t<\/p>\n\t\t\n<\/div>\n<div class=\"e-con e-atomic-element e-form-error-message-base message-error \"\n     data-id=\"5f4cb99\"\n     data-element_type=\"e-form-error-message\"\n     data-e-type=\"e-form-error-message\"\n     data-interaction-id=\"5f4cb99\"\n     >\n    \t\t\t\t\t\t<p class=\"e-paragraph-base\" data-interaction-id=\"1121fcf\"  data-e-type=\"widget\" data-id=\"1121fcf\">\n\t\t\t\t\t\t\t\tWe couldn\u2019t process your submission. Please retry\n\t\t\t\t\t<\/p>\n\t\t\n<\/div>\n\n<\/form>\n\t\t\t<\/div>\n\t\t\t\t<\/div>\n\t\t<div class=\"elementor-element elementor-element-ffb7a94 e-grid e-con-boxed e-con e-parent\" data-id=\"ffb7a94\" data-element_type=\"container\" data-e-type=\"container\" id=\"suporte\" data-settings=\"{&quot;background_background&quot;:&quot;classic&quot;}\">\n\t\t\t\t\t<div class=\"e-con-inner\">\n\t\t\t\t\t\t\t<h4 \n\t\tdata-interaction-id=\"1f6013d\" \n\t\tclass=\"e-1f6013d-59864cc e-heading-base\" \n\t\t \n\t\tdata-e-type=\"widget\" data-id=\"1f6013d\"\n\t>\n\t\n\t\t\tPrecisa de ajuda?\n\t\t<\/h4>\n\t\t\t\t\t    \t            <a\n            href=\"https:\/\/piloto.qimob.pt\/suporte\" target=\"_blank\"\n            class=\"e-bc2d079-15cb789 e-button-base\"\n            data-interaction-id=\"bc2d079\"\n             data-e-type=\"widget\" data-id=\"bc2d079\"\n        >\n            Suporte T\u00e9cnico\n        <\/a>\n    \t\t\t\t\t<\/div>\n\t\t\t\t<\/div>\n\t\t\t\t<\/div>\n\t\t","protected":false},"excerpt":{"rendered":"<p>Bem Vindo ao Qimob! Esta interessado?Inscreva-se j\u00e1! Seja partes dos muitos que j\u00e1 usam o qimob para potencializar o seu negocio Nome Apelido Email Desejo ser notificado por promo\u00e7\u00f5es via email Submeter Great! We\u2019ve received your information. We couldn\u2019t process your submission. Please retry Precisa de ajuda? Suporte T\u00e9cnico<\/p>\n","protected":false},"author":1,"featured_media":7,"parent":0,"menu_order":0,"comment_status":"closed","ping_status":"closed","template":"elementor_header_footer","meta":{"footnotes":""},"class_list":["post-10","page","type-page","status-publish","has-post-thumbnail","hentry"],"_links":{"self":[{"href":"https:\/\/piloto.qimob.pt\/index.php?rest_route=\/wp\/v2\/pages\/10","targetHints":{"allow":["GET"]}}],"collection":[{"href":"https:\/\/piloto.qimob.pt\/index.php?rest_route=\/wp\/v2\/pages"}],"about":[{"href":"https:\/\/piloto.qimob.pt\/index.php?rest_route=\/wp\/v2\/types\/page"}],"author":[{"embeddable":true,"href":"https:\/\/piloto.qimob.pt\/index.php?rest_route=\/wp\/v2\/users\/1"}],"replies":[{"embeddable":true,"href":"https:\/\/piloto.qimob.pt\/index.php?rest_route=%2Fwp%2Fv2%2Fcomments&post=10"}],"version-history":[{"count":77,"href":"https:\/\/piloto.qimob.pt\/index.php?rest_route=\/wp\/v2\/pages\/10\/revisions"}],"predecessor-version":[{"id":124,"href":"https:\/\/piloto.qimob.pt\/index.php?rest_route=\/wp\/v2\/pages\/10\/revisions\/124"}],"wp:featuredmedia":[{"embeddable":true,"href":"https:\/\/piloto.qimob.pt\/index.php?rest_route=\/wp\/v2\/media\/7"}],"wp:attachment":[{"href":"https:\/\/piloto.qimob.pt\/index.php?rest_route=%2Fwp%2Fv2%2Fmedia&parent=10"}],"curies":[{"name":"wp","href":"https:\/\/api.w.org\/{rel}","templated":true}]}}